{"id":640,"date":"2023-06-13T12:46:54","date_gmt":"2023-06-13T10:46:54","guid":{"rendered":"http:\/\/18.demooo.pl\/polityka-prywatnosci\/"},"modified":"2023-08-17T15:33:09","modified_gmt":"2023-08-17T13:33:09","slug":"privacy-policy","status":"publish","type":"page","link":"https:\/\/mapatex.pl\/en\/privacy-policy\/","title":{"rendered":"Privacy Policy"},"content":{"rendered":"<style>.kadence-column_257817-64 > .kt-inside-inner-col{padding-top:60px;padding-bottom:60px;}.kadence-column_257817-64 > .kt-inside-inner-col,.kadence-column_257817-64 > .kt-inside-inner-col:before{border-top-left-radius:0px;border-top-right-radius:0px;border-bottom-right-radius:0px;border-bottom-left-radius:0px;}.kadence-column_257817-64 > .kt-inside-inner-col{column-gap:var(--global-kb-gap-sm, 1rem);}.kadence-column_257817-64 > .kt-inside-inner-col{flex-direction:column;}.kadence-column_257817-64 > .kt-inside-inner-col > .aligncenter{width:100%;}.kadence-column_257817-64 > .kt-inside-inner-col:before{opacity:0.3;}.kadence-column_257817-64{position:relative;}@media all and (max-width: 1024px){.kadence-column_257817-64 > .kt-inside-inner-col{flex-direction:column;justify-content:center;}}@media all and (max-width: 767px){.kadence-column_257817-64 > .kt-inside-inner-col{flex-direction:column;justify-content:center;}}<\/style>\n<div class=\"wp-block-kadence-column kadence-column_257817-64 Container\"><div class=\"kt-inside-inner-col\"><h1 class=\"wp-block-heading\">Privacy policy<\/h1>\n\n<div style=\"height:32px\" aria-hidden=\"true\" class=\"wp-block-spacer\"><\/div>\n\n<p><strong>Polityka prywatno\u015bci oraz wykorzystania plik\u00f3w Cookies w serwisie\u00a0internetowym\u00a0Mapa Tex S.C. oraz P-B-Design Pawe\u0142 Banaszak \u00a0z siedzib\u0105 w Swarz\u0119dzu.<\/strong><\/p>\n\n<p>Niniejszy dokument dotyczy przetwarzania oraz ochrony danych osobowych dotycz\u0105cych U\u017cytkownik\u00f3w w zwi\u0105zku z korzystaniem przez nich z serwisu: www.mapatex.pl (dalej \u201eSerwis\u201d).\u00a0<strong>Mapa Tex S.C. oraz P-B-Design Pawe\u0142 Banaszak\u00a0z siedziba w Swarz\u0119dzu szanuje prawo do prywatno\u015bci U\u017cytkownik\u00f3w serwisu www.mapatex.pl<\/strong>. W szczeg\u00f3lno\u015bci dba o ochron\u0119 ich danych osobowych oraz stosuje odpowiednie rozwi\u0105zania organizacyjne i techniczne zapobiegaj\u0105ce ingerencji w prywatno\u015b\u0107 U\u017cytkownik\u00f3w przez osoby trzecie. Nasze dzia\u0142ania s\u0105 ukierunkowane na zagwarantowanie U\u017cytkownikowi poczucia pe\u0142nego bezpiecze\u0144stwa na poziomie odpowiednim do obowi\u0105zuj\u0105cego prawa, w tym:<\/p>\n\n<p>1. Rozporz\u0105dzenia Parlamentu Europejskiego i Rady 2016\/679 z dnia 27 kwietnia 2016 r. w sprawie ochrony os\u00f3b fizycznych w zwi\u0105zku z przetwarzaniem danych osobowych i w sprawie swobodnego przep\u0142ywu takich danych oraz uchylenia dyrektywy 95\/46\/WE (og\u00f3lne rozporz\u0105dzenie o ochronie danych);<br\/>2. Ustawy z dnia 18 lipca 2002 r. o \u015bwiadczeniu us\u0142ug drog\u0105 elektroniczn\u0105;<br\/>3. Ustawy z dnia 16 lipca 2004 r. Prawo telekomunikacyjne.<\/p>\n\n<p>Korzystanie z Serwisu Mapatex jest realizowane za pomoc\u0105 bezpiecznego protoko\u0142u SSL, kt\u00f3ry istotnie zwi\u0119ksza ochron\u0119 transmisji danych w sieci Internet.<\/p>\n\n<p><strong>Informujemy<\/strong>, \u017ce w ramach Serwisu mog\u0105 zosta\u0107 zamieszczone zewn\u0119trzne linki umo\u017cliwiaj\u0105ce jego U\u017cytkownikom bezpo\u015brednie dotarcie do innych stron internetowych b\u0105d\u017a te\u017c podczas korzystania z Serwisu w Pa\u0144stwa urz\u0105dzeniu mog\u0105 by\u0107 dodatkowo umieszczone pliki Cookies pochodz\u0105ce od innych podmiot\u00f3w w szczeg\u00f3lno\u015bci od dostawc\u00f3w takich jak: Facebook, Twitter, Google+, w celu umo\u017cliwienia Pa\u0144stwu skorzystania z funkcjonalno\u015bci Serwisu zintegrowanych z tymi serwisami. Ka\u017cdy z dostawc\u00f3w okre\u015bla zasady korzystania z plik\u00f3w Cookies w swojej polityce prywatno\u015bci w zwi\u0105zku z czym nie mamy wp\u0142ywu na prowadzon\u0105 przez dostawc\u00f3w polityk\u0119 prywatno\u015bci oraz wykorzystywania plik\u00f3w Cookies. Ze wzgl\u0119d\u00f3w bezpiecze\u0144stwa zalecamy, aby przed skorzystaniem z zasob\u00f3w oferowanych przez inne strony internetowe lub serwisy, ka\u017cdy U\u017cytkownik zapozna\u0142 si\u0119 z dokumentem dotycz\u0105cym polityki prywatno\u015bci oraz wykorzystywania plik\u00f3w Cookies, je\u017celi zosta\u0142y one udost\u0119pnione, a w razie ich braku skontaktowa\u0142 si\u0119 z administratorem danej strony lub serwisu w celu uzyskania informacji w tym zakresie.<\/p>\n\n<p><strong>S\u0142ownik poj\u0119\u0107:<\/strong><\/p>\n\n<p>&#8211; cookie &#8211; jest to niewielka informacja zapisywana przez serwer na komputerze U\u017cytkownika, kt\u00f3r\u0105 serwer mo\u017ce odczyta\u0107 przy ponownym po\u0142\u0105czeniu si\u0119 z tego komputera,<br\/>&#8211;\u00a0log systemowy &#8211; jest to informacja, jak\u0105 przekazuje serwerowi komputer U\u017cytkownika przy ka\u017cdym po\u0142\u0105czeniu, mo\u017ce zawiera\u0107 r\u00f3\u017cne dane (np. numer IP), z kt\u00f3rych mo\u017cna mniej lub bardziej dok\u0142adnie ustali\u0107 sk\u0105d nast\u0105pi\u0142o po\u0142\u0105czenie,<br\/>&#8211; adres IP &#8211; indywidualny numer, kt\u00f3ry z regu\u0142y posiada ka\u017cdy komputer pod\u0142\u0105czony do Internetu, numer IP mo\u017ce by\u0107 na sta\u0142e zwi\u0105zany z danym komputerem (statyczny) lub przydzielony mu na dane po\u0142\u0105czenie (dynamiczny),<br\/>&#8211;\u00a0protok\u00f3\u0142 SSL &#8211; specjalny standard przesy\u0142ania danych w Internecie, w kt\u00f3rym transmisja jest kodowana, w odr\u00f3\u017cnieniu od zwyk\u0142ego przesy\u0142ania, gdzie transmisja odbywa si\u0119 otwartym tekstem.<\/p>\n\n<p><strong>I. Administrator Danych Osobowych<\/strong><\/p>\n\n<p>Administratorem danych dotycz\u0105cych U\u017cytkownik\u00f3w gromadzonych z wykorzystaniem<br\/>Serwisu jest:<\/p>\n\n<p>Mapa Tex S.C. oraz P-B-Design Pawe\u0142 Banaszak\u00a0z siedzib\u0105 w Swarz\u0119dzu<br\/>Wrzesi\u0144ska 91, 62-020 Swarz\u0119dz, Polska<br\/><a href=\"mailto:biuro@mapatex.pl\">biuro@mapatex.pl<\/a><\/p>\n\n<p><strong>II. Gromadzenie danych<\/strong><\/p>\n\n<p>W zakresie korzystania z Serwisu przez U\u017cytkownika przechowujemy zapytania http kierowane do serwera. Przegl\u0105dane zasoby identyfikowane s\u0105 poprzez adresy URL i dotycz\u0105:<\/p>\n\n<p>&#8211; publicznego adresu IP urz\u0105dzenia ko\u0144cowego, z kt\u00f3rego nadesz\u0142o zapytanie;<br\/>&#8211;\u00a0nazwy stacji U\u017cytkownika \u2013 identyfikacja realizowana przez protok\u00f3\u0142 http, o ile jest mo\u017cliwa;<br\/>&#8211;\u00a0nazwy U\u017cytkownika podawana w procesie autoryzacji;<br\/>&#8211;\u00a0czasu nadej\u015bcia zapytania;<br\/>&#8211;\u00a0pierwszego wiersza \u017c\u0105dania http;<br\/>&#8211;\u00a0kodu odpowiedzi http;<br\/>&#8211;\u00a0liczby wys\u0142anych przez serwer danych;<br\/>&#8211;\u00a0adresu URL strony poprzednio odwiedzanej przez U\u017cytkownika (tzw. referer link) &#8211; w przypadku gdy przej\u015bcie do Serwisu nast\u0105pi\u0142o przez zewn\u0119trzny odno\u015bnik;<br\/>&#8211;\u00a0informacji o przegl\u0105darce U\u017cytkownika;<br\/>&#8211;\u00a0informacji o b\u0142\u0119dach jakie nast\u0105pi\u0142y przy realizacji transakcji http.<\/p>\n\n<p>Powy\u017cej wskazane dane nie s\u0105 kojarzone z konkretnymi osobami przegl\u0105daj\u0105cymi strony Serwisu.<\/p>\n\n<p>Serwisy nie zbieraj\u0105 w spos\u00f3b automatyczny \u017cadnych informacji za wyj\u0105tkiem informacji zawartych w plikach Cookies. Gromadzone w ten spos\u00f3b informacje wykorzystywane s\u0105 m.in. do:<\/p>\n\n<p>1. zarz\u0105dzania Serwisem;<br\/>2. stwierdzania ewentualnych zagro\u017ce\u0144 bezpiecze\u0144stwa;<br\/>3. badania zagregowanego ruchu U\u017cytkownik\u00f3w w ramach Serwisu oraz w celach statystycznych, w tym z wykorzystaniem narz\u0119dzi Google Analytics oraz GetResponse, jedynie w przypadku gdy dodatkowo prowadzone s\u0105 kampanie mailingowe;<\/p>\n\n<p>U\u017cytkownik w zakresie korzystania z funkcjonalno\u015bci Serwisu mo\u017ce jednak zosta\u0107 poproszony o podanie nast\u0119puj\u0105cych danych osobowych:<\/p>\n\n<p>&#8211; imi\u0119 i nazwisko;<br\/>&#8211; adres poczty elektronicznej (adres e-mail);<br\/>&#8211; numer telefonu;<br\/>&#8211; adres i nazwa firmy;<br\/>&#8211; tre\u015b\u0107 wiadomo\u015bci kontaktowej.<\/p>\n\n<p><strong>Podanie danych wskazanych powy\u017cej jest dobrowolne<\/strong>\u00a0jednak bez ich podania mo\u017ce nie by\u0107 mo\u017cliwe korzystanie z Serwisu w zakresie funkcjonalno\u015bci, kt\u00f3re tego wymagaj\u0105 (np. obs\u0142u\u017cenie zam\u00f3wienia publikacji)<\/p>\n\n<p><strong>III. Przetwarzanie danych osobowych<\/strong><\/p>\n\n<p>Zebrane za po\u015brednictwem Serwisu dane dotycz\u0105ce U\u017cytkownika mog\u0105 by\u0107 wykorzystane w celu ustalania dostosowania zawarto\u015bci Serwisu do potrzeb U\u017cytkownika oraz w celu udzielenia odpowiedzi na skierowane z wykorzystaniem formularza kontaktowego zapytanie przez U\u017cytkownika.<\/p>\n\n<p>Gromadzone dane osobowe U\u017cytkownik\u00f3w nie s\u0105 przekazywane organizacjom mi\u0119dzynarodowym czy do pa\u0144stw trzecich. Dane osobowe mog\u0105 by\u0107 przetwarzane przez inne podmioty zgodnie z prawem Unii lub prawem krajowym.<\/p>\n\n<p>Dane osobowe zebrane za po\u015brednictwem formularzy, na kt\u00f3re U\u017cytkownik wyrazi\u0142 zgod\u0119 przetwarzane s\u0105 w celu i okresie niezb\u0119dnym do prawid\u0142owego obs\u0142u\u017cenia zadania. Szczeg\u00f3\u0142y okre\u015blaj\u0105 odpowiednie klauzule znajduj\u0105ce si\u0119 pod konkretnymi formularzami.<\/p>\n\n<p><strong>Prawa U\u017cytkownika<\/strong><\/p>\n\n<p>U\u017cytkownik w zakresie procesu przetwarzania jego danych posiada uprawnienia:<\/p>\n\n<p>&#8211; dost\u0119pu do danych;<br\/>&#8211;\u00a0sprostowania danych;<br\/>&#8211;\u00a0usuni\u0119cia lub ograniczenia przetwarzania;<br\/>&#8211;\u00a0wniesienia skargi do organu nadzorczego w zakresie ochrony danych osobowych &#8211; Prezesa Urz\u0119du Ochrony Danych Osobowych;<\/p>\n\n<p><strong>IV. Wykorzystanie plik\u00f3w Cookies<\/strong><\/p>\n\n<p><strong>Serwis, zgodnie z art. 173 Ustawy z dnia 16 lipca 2004 r. Prawo telekomunikacyjne, korzysta z plik\u00f3w Cookies<\/strong>\u00a0stanowi\u0105cych dane informatyczne, w szczeg\u00f3lno\u015bci pliki tekstowe, kt\u00f3re przechowywane s\u0105 w urz\u0105dzeniu ko\u0144cowym U\u017cytkownika. Pliki Cookies zazwyczaj zawieraj\u0105 nazw\u0119 strony internetowej, z kt\u00f3rej pochodz\u0105, czas przechowywania ich na urz\u0105dzeniu ko\u0144cowym oraz unikalny numer.<\/p>\n\n<p>Pliki Cookies wykorzystywane s\u0105 w celu:<\/p>\n\n<p>1. u\u0142atwienia U\u017cytkownikowi korzystania z Serwisu podczas jego przegl\u0105dania;<br\/>2. p\u00f3\u017aniejszego skojarzenia U\u017cytkownika w przypadku ponownego po\u0142\u0105czenia Serwisu z urz\u0105dzeniem na kt\u00f3rym zosta\u0142y zapisane;<br\/>3. tworzenia statystyk, kt\u00f3re pomagaj\u0105 zrozumie\u0107, w jaki spos\u00f3b U\u017cytkownicy Serwisu korzystaj\u0105 ze stron internetowych, co umo\u017cliwia ulepszanie ich struktury i zawarto\u015bci;<br\/>4. dostosowania zawarto\u015bci stron internetowych Serwisu do okre\u015blonych preferencji U\u017cytkownika oraz optymalizacji korzystania ze stron internetowych, dostosowanych do indywidualnych potrzeb U\u017cytkownika;<\/p>\n\n<p>W ramach Serwisu wykorzystujemy nast\u0119puj\u0105ce rodzaje plik\u00f3w Cookies:<\/p>\n\n<p>&#8211;\u00a0\u201esesyjne\u201d &#8211; przechowywane s\u0105 w urz\u0105dzeniu ko\u0144cowym U\u017cytkownika do czasu wylogowania, opuszczenia strony internetowej lub wy\u0142\u0105czenia przegl\u0105darki internetowej;<br\/>&#8211;\u00a0\u201esta\u0142e\u201d &#8211; przechowywane w urz\u0105dzeniu ko\u0144cowym U\u017cytkownika przez czas okre\u015blony w parametrach plik\u00f3w Cookies lub do czasu ich usuni\u0119cia przez U\u017cytkownika;<br\/>&#8211;\u00a0\u201ewydajno\u015bciowe\u201d &#8211; umo\u017cliwiaj\u0105 zbieranie informacji o sposobie korzystania ze stron internetowych Serwisu;<br\/>&#8211;\u00a0\u201eniezb\u0119dne\u201d &#8211; umo\u017cliwiaj\u0105ce korzystanie z us\u0142ug dost\u0119pnych w ramach Serwisu;<br\/>&#8211;\u00a0\u201efunkcjonalne\u201d &#8211; umo\u017cliwiaj\u0105ce zapami\u0119tanie wybranych przez U\u017cytkownika ustawie\u0144 i personalizacj\u0119 interfejsu U\u017cytkownika;<br\/>&#8211;\u00a0\u201ew\u0142asne\u201d &#8211; zamieszczane przez Serwis;<br\/>&#8211;\u00a0\u201ezewn\u0119trzne\u201d &#8211; pochodz\u0105ce z witryny zewn\u0119trznej ni\u017c Serwis;<\/p>\n\n<p>Informacje w \u017caden spos\u00f3b nie s\u0105 \u0142\u0105czone z danymi osobowymi U\u017cytkownika Serwisu i nie s\u0105 wykorzystywane do okre\u015blenia to\u017csamo\u015bci U\u017cytkownika. Zakres informacji zbieranych automatycznie zale\u017cy od ustawie\u0144 przegl\u0105darki internetowej U\u017cytkownika. U\u017cytkownik powinien sprawdzi\u0107 ustawienia swojej przegl\u0105darki, aby dowiedzie\u0107 si\u0119 jakie informacje s\u0105 udost\u0119pniane przez przegl\u0105dark\u0119 automatycznie lub w celu dokonania zmiany tych ustawie\u0144. W tym celu zalecamy zapoznanie si\u0119 z tre\u015bci\u0105 \u201ePomocy\u201d u\u017cywanej przegl\u0105darki internetowej.<\/p>\n\n<p><strong>Zmiana warunk\u00f3w przechowywania lub otrzymywania plik\u00f3w cookies jest mo\u017cliwa poprzez konfiguracj\u0119 ustawie\u0144 w przegl\u0105darkach internetowych, np.:<\/strong><\/p>\n\n<p>&#8211;\u00a0<a href=\"https:\/\/support.microsoft.com\/pl-pl\/help\/17442\/windows-internet-explorer-delete-manage-cookies\" target=\"_blank\" rel=\"noreferrer noopener\">w przegl\u0105darce Internet Explorer<\/a><br\/>&#8211;\u00a0<a href=\"https:\/\/support.microsoft.com\/pl-pl\/help\/10607\/microsoft-edge-view-delete-browser-history\" target=\"_blank\" rel=\"noreferrer noopener\">w przegl\u0105darce Microsoft Edge<\/a><br\/>&#8211;\u00a0<a href=\"https:\/\/support.mozilla.org\/pl\/kb\/ciasteczka\" target=\"_blank\" rel=\"noreferrer noopener\">w przegl\u0105darce Mozilla Firefox<\/a><br\/>&#8211;\u00a0<a href=\"https:\/\/support.google.com\/chrome\/answer\/95647?hl=pl\" target=\"_blank\" rel=\"noreferrer noopener\">w przegl\u0105darce Chrome<\/a><br\/>&#8211;\u00a0<a href=\"https:\/\/support.apple.com\/pl-pl\/HT201265\" target=\"_blank\" rel=\"noreferrer noopener\">w przegl\u0105darce Safari<\/a><\/p>\n\n<p>Oprogramowanie do przegl\u0105dania stron internetowych tj. przegl\u0105darka internetowa, zazwyczaj domy\u015blnie dopuszcza przechowywanie plik\u00f3w Cookies w urz\u0105dzeniu ko\u0144cowym U\u017cytkownika. U\u017cytkownicy Serwisu mog\u0105 dokona\u0107 zmiany ustawie\u0144 w tym zakresie. Przegl\u0105darka internetowa umo\u017cliwia usuni\u0119cie plik\u00f3w Cookies. Mo\u017cliwe jest tak\u017ce automatyczne blokowanie plik\u00f3w Cookies. Szczeg\u00f3\u0142owe informacje na ten temat zawiera pomoc lub dokumentacja stosowanej przez U\u017cytkownika przegl\u0105darki internetowej.<\/p>\n\n<p>Je\u015bli U\u017cytkownik nie chce otrzymywa\u0107 plik\u00f3w Cookies, mo\u017ce zmieni\u0107 ustawienia swojej przegl\u0105darki. Jednak wy\u0142\u0105czenie obs\u0142ugi plik\u00f3w Cookies niezb\u0119dnych dla proces\u00f3w uwierzytelniania, bezpiecze\u0144stwa lub utrzymania preferencji U\u017cytkownika mo\u017ce utrudni\u0107, a w skrajnych przypadkach tak\u017ce uniemo\u017cliwi\u0107 korzystanie z Serwisu.<\/p><\/div><\/div>","protected":false},"excerpt":{"rendered":"<p>Privacy policy Polityka prywatno\u015bci oraz wykorzystania plik\u00f3w Cookies w serwisie\u00a0internetowym\u00a0Mapa Tex S.C. oraz P-B-Design Pawe\u0142 Banaszak \u00a0z siedzib\u0105 w Swarz\u0119dzu. Niniejszy dokument dotyczy przetwarzania oraz ochrony danych osobowych dotycz\u0105cych U\u017cytkownik\u00f3w w zwi\u0105zku z korzystaniem przez nich z serwisu: www.mapatex.pl (dalej \u201eSerwis\u201d).\u00a0Mapa Tex S.C. oraz P-B-Design Pawe\u0142 Banaszak\u00a0z siedziba w Swarz\u0119dzu szanuje prawo do prywatno\u015bci U\u017cytkownik\u00f3w [&hellip;]<\/p>\n","protected":false},"author":1,"featured_media":0,"parent":0,"menu_order":0,"comment_status":"closed","ping_status":"closed","template":"","meta":{"_acf_changed":false,"inline_featured_image":false,"_kad_blocks_custom_css":"","_kad_blocks_head_custom_js":"","_kad_blocks_body_custom_js":"","_kad_blocks_footer_custom_js":"","footnotes":""},"acf":[],"yoast_head":"<!-- This site is optimized with the Yoast SEO plugin v24.5 - https:\/\/yoast.com\/wordpress\/plugins\/seo\/ -->\n<title>Privacy Policy | Tkaniny dekoracyjne, materia\u0142y obiciowe oraz tapicerskie - hurtownia i sklep internetowy - Wielkopolska - Mapa Tex<\/title>\n<meta name=\"robots\" content=\"index, follow, max-snippet:-1, max-image-preview:large, max-video-preview:-1\" \/>\n<link rel=\"canonical\" href=\"https:\/\/mapatex.pl\/en\/privacy-policy\/\" \/>\n<meta property=\"og:locale\" content=\"en_US\" \/>\n<meta property=\"og:type\" content=\"article\" \/>\n<meta property=\"og:title\" content=\"Privacy Policy | Tkaniny dekoracyjne, materia\u0142y obiciowe oraz tapicerskie - hurtownia i sklep internetowy - Wielkopolska - Mapa Tex\" \/>\n<meta property=\"og:description\" content=\"Privacy policy Polityka prywatno\u015bci oraz wykorzystania plik\u00f3w Cookies w serwisie\u00a0internetowym\u00a0Mapa Tex S.C. oraz P-B-Design Pawe\u0142 Banaszak \u00a0z siedzib\u0105 w Swarz\u0119dzu. Niniejszy dokument dotyczy przetwarzania oraz ochrony danych osobowych dotycz\u0105cych U\u017cytkownik\u00f3w w zwi\u0105zku z korzystaniem przez nich z serwisu: www.mapatex.pl (dalej \u201eSerwis\u201d).\u00a0Mapa Tex S.C. oraz P-B-Design Pawe\u0142 Banaszak\u00a0z siedziba w Swarz\u0119dzu szanuje prawo do prywatno\u015bci U\u017cytkownik\u00f3w [&hellip;]\" \/>\n<meta property=\"og:url\" content=\"https:\/\/mapatex.pl\/en\/privacy-policy\/\" \/>\n<meta property=\"og:site_name\" content=\"Tkaniny dekoracyjne, materia\u0142y obiciowe oraz tapicerskie - hurtownia i sklep internetowy - Wielkopolska - Mapa Tex\" \/>\n<meta property=\"article:modified_time\" content=\"2023-08-17T13:33:09+00:00\" \/>\n<meta name=\"twitter:card\" content=\"summary_large_image\" \/>\n<meta name=\"twitter:label1\" content=\"Est. reading time\" \/>\n\t<meta name=\"twitter:data1\" content=\"9 minutes\" \/>\n<script type=\"application\/ld+json\" class=\"yoast-schema-graph\">{\"@context\":\"https:\/\/schema.org\",\"@graph\":[{\"@type\":\"WebPage\",\"@id\":\"https:\/\/mapatex.pl\/en\/privacy-policy\/\",\"url\":\"https:\/\/mapatex.pl\/en\/privacy-policy\/\",\"name\":\"Privacy Policy | Tkaniny dekoracyjne, materia\u0142y obiciowe oraz tapicerskie - hurtownia i sklep internetowy - Wielkopolska - Mapa Tex\",\"isPartOf\":{\"@id\":\"https:\/\/mapatex.pl\/#website\"},\"datePublished\":\"2023-06-13T10:46:54+00:00\",\"dateModified\":\"2023-08-17T13:33:09+00:00\",\"breadcrumb\":{\"@id\":\"https:\/\/mapatex.pl\/en\/privacy-policy\/#breadcrumb\"},\"inLanguage\":\"en-US\",\"potentialAction\":[{\"@type\":\"ReadAction\",\"target\":[\"https:\/\/mapatex.pl\/en\/privacy-policy\/\"]}]},{\"@type\":\"BreadcrumbList\",\"@id\":\"https:\/\/mapatex.pl\/en\/privacy-policy\/#breadcrumb\",\"itemListElement\":[{\"@type\":\"ListItem\",\"position\":1,\"name\":\"Strona g\u0142\u00f3wna\",\"item\":\"https:\/\/mapatex.pl\/en\/\"},{\"@type\":\"ListItem\",\"position\":2,\"name\":\"Privacy Policy\"}]},{\"@type\":\"WebSite\",\"@id\":\"https:\/\/mapatex.pl\/#website\",\"url\":\"https:\/\/mapatex.pl\/\",\"name\":\"Tkaniny dekoracyjne, materia\u0142y obiciowe oraz tapicerskie - hurtownia i sklep internetowy - Wielkopolska - Mapa Tex\",\"description\":\"Jeste\u015bmy importerem i dystrybutorem tkanin obiciowych firmy Flocktex Industries LTD. Posiadamy innowacyjne produkty wysokiej jako\u015bci. Zapraszamy do skorzystania z naszej us\u0142ugi.\",\"potentialAction\":[{\"@type\":\"SearchAction\",\"target\":{\"@type\":\"EntryPoint\",\"urlTemplate\":\"https:\/\/mapatex.pl\/?s={search_term_string}\"},\"query-input\":{\"@type\":\"PropertyValueSpecification\",\"valueRequired\":true,\"valueName\":\"search_term_string\"}}],\"inLanguage\":\"en-US\"}]}<\/script>\n<!-- \/ Yoast SEO plugin. -->","yoast_head_json":{"title":"Privacy Policy | Tkaniny dekoracyjne, materia\u0142y obiciowe oraz tapicerskie - hurtownia i sklep internetowy - Wielkopolska - Mapa Tex","robots":{"index":"index","follow":"follow","max-snippet":"max-snippet:-1","max-image-preview":"max-image-preview:large","max-video-preview":"max-video-preview:-1"},"canonical":"https:\/\/mapatex.pl\/en\/privacy-policy\/","og_locale":"en_US","og_type":"article","og_title":"Privacy Policy | Tkaniny dekoracyjne, materia\u0142y obiciowe oraz tapicerskie - hurtownia i sklep internetowy - Wielkopolska - Mapa Tex","og_description":"Privacy policy Polityka prywatno\u015bci oraz wykorzystania plik\u00f3w Cookies w serwisie\u00a0internetowym\u00a0Mapa Tex S.C. oraz P-B-Design Pawe\u0142 Banaszak \u00a0z siedzib\u0105 w Swarz\u0119dzu. Niniejszy dokument dotyczy przetwarzania oraz ochrony danych osobowych dotycz\u0105cych U\u017cytkownik\u00f3w w zwi\u0105zku z korzystaniem przez nich z serwisu: www.mapatex.pl (dalej \u201eSerwis\u201d).\u00a0Mapa Tex S.C. oraz P-B-Design Pawe\u0142 Banaszak\u00a0z siedziba w Swarz\u0119dzu szanuje prawo do prywatno\u015bci U\u017cytkownik\u00f3w [&hellip;]","og_url":"https:\/\/mapatex.pl\/en\/privacy-policy\/","og_site_name":"Tkaniny dekoracyjne, materia\u0142y obiciowe oraz tapicerskie - hurtownia i sklep internetowy - Wielkopolska - Mapa Tex","article_modified_time":"2023-08-17T13:33:09+00:00","twitter_card":"summary_large_image","twitter_misc":{"Est. reading time":"9 minutes"},"schema":{"@context":"https:\/\/schema.org","@graph":[{"@type":"WebPage","@id":"https:\/\/mapatex.pl\/en\/privacy-policy\/","url":"https:\/\/mapatex.pl\/en\/privacy-policy\/","name":"Privacy Policy | Tkaniny dekoracyjne, materia\u0142y obiciowe oraz tapicerskie - hurtownia i sklep internetowy - Wielkopolska - Mapa Tex","isPartOf":{"@id":"https:\/\/mapatex.pl\/#website"},"datePublished":"2023-06-13T10:46:54+00:00","dateModified":"2023-08-17T13:33:09+00:00","breadcrumb":{"@id":"https:\/\/mapatex.pl\/en\/privacy-policy\/#breadcrumb"},"inLanguage":"en-US","potentialAction":[{"@type":"ReadAction","target":["https:\/\/mapatex.pl\/en\/privacy-policy\/"]}]},{"@type":"BreadcrumbList","@id":"https:\/\/mapatex.pl\/en\/privacy-policy\/#breadcrumb","itemListElement":[{"@type":"ListItem","position":1,"name":"Strona g\u0142\u00f3wna","item":"https:\/\/mapatex.pl\/en\/"},{"@type":"ListItem","position":2,"name":"Privacy Policy"}]},{"@type":"WebSite","@id":"https:\/\/mapatex.pl\/#website","url":"https:\/\/mapatex.pl\/","name":"Tkaniny dekoracyjne, materia\u0142y obiciowe oraz tapicerskie - hurtownia i sklep internetowy - Wielkopolska - Mapa Tex","description":"Jeste\u015bmy importerem i dystrybutorem tkanin obiciowych firmy Flocktex Industries LTD. Posiadamy innowacyjne produkty wysokiej jako\u015bci. Zapraszamy do skorzystania z naszej us\u0142ugi.","potentialAction":[{"@type":"SearchAction","target":{"@type":"EntryPoint","urlTemplate":"https:\/\/mapatex.pl\/?s={search_term_string}"},"query-input":{"@type":"PropertyValueSpecification","valueRequired":true,"valueName":"search_term_string"}}],"inLanguage":"en-US"}]}},"taxonomy_info":[],"featured_image_src_large":false,"author_info":{"display_name":"kreacja","author_link":"https:\/\/mapatex.pl\/en\/author\/kreacja\/"},"comment_info":0,"_links":{"self":[{"href":"https:\/\/mapatex.pl\/en\/wp-json\/wp\/v2\/pages\/640"}],"collection":[{"href":"https:\/\/mapatex.pl\/en\/wp-json\/wp\/v2\/pages"}],"about":[{"href":"https:\/\/mapatex.pl\/en\/wp-json\/wp\/v2\/types\/page"}],"author":[{"embeddable":true,"href":"https:\/\/mapatex.pl\/en\/wp-json\/wp\/v2\/users\/1"}],"replies":[{"embeddable":true,"href":"https:\/\/mapatex.pl\/en\/wp-json\/wp\/v2\/comments?post=640"}],"version-history":[{"count":3,"href":"https:\/\/mapatex.pl\/en\/wp-json\/wp\/v2\/pages\/640\/revisions"}],"predecessor-version":[{"id":1336,"href":"https:\/\/mapatex.pl\/en\/wp-json\/wp\/v2\/pages\/640\/revisions\/1336"}],"wp:attachment":[{"href":"https:\/\/mapatex.pl\/en\/wp-json\/wp\/v2\/media?parent=640"}],"curies":[{"name":"wp","href":"https:\/\/api.w.org\/{rel}","templated":true}]}}